{"id":3865,"date":"2018-08-14T12:35:01","date_gmt":"2018-08-14T05:35:01","guid":{"rendered":"http:\/\/theoceanvillas.com.vn\/ban-do-dia-diem\/"},"modified":"2025-06-20T11:13:04","modified_gmt":"2025-06-20T04:13:04","slug":"location-map","status":"publish","type":"page","link":"https:\/\/theoceanvillas.com.vn\/vi\/location-map\/","title":{"rendered":"B\u1ea3n \u0110\u1ed3 \u0110\u1ecba \u0110i\u1ec3m"},"content":{"rendered":"<p style=\"text-align: center;\">\u0110\u00e0 N\u1eb5ng l\u00e0 th\u00e0nh ph\u1ed1 l\u1edbn th\u1ee9 ba c\u1ee7a Vi\u1ec7t Nam v\u00e0 n\u1eb1m trong khu v\u1ef1c Duy\u00ean h\u1ea3i mi\u1ec1n Trung n\u1ed5i ti\u1ebfng tr\u00ean Bi\u1ec3n \u0110\u00f4ng. N\u1eb1m trong b\u00e1n k\u00ednh 25 ph\u00fat t\u1eeb c\u1ea3 Ga \u0110\u00e0 N\u1eb5ng v\u00e0 S\u00e2n bay Qu\u1ed1c t\u1ebf \u0110\u00e0 N\u1eb5ng (DAD), The Ocean Villas n\u1eb1m \u1edf v\u1ecb tr\u00ed d\u1ec5 d\u00e0ng \u0111i \u0111\u1ebfn m\u1ed9t s\u1ed1 \u0111i\u1ec3m tham quan n\u1ed5i ti\u1ebfng c\u1ee7a \u0111\u1ea5t n\u01b0\u1edbc. T\u1eeb c\u00e1c b\u00e3i bi\u1ec3n, \u0111\u1ea3o v\u00e0 c\u00f4ng vi\u00ean qu\u1ed1c gia \u0111\u1ebfn Di s\u1ea3n Th\u1ebf gi\u1edbi \u0111\u01b0\u1ee3c UNESCO c\u00f4ng nh\u1eadn nh\u01b0 Ph\u1ed1 c\u1ed5 H\u1ed9i An, Th\u00e1nh \u0111\u1ecba M\u1ef9 S\u01a1n v\u00e0 Kinh th\u00e0nh Hu\u1ebf, du kh\u00e1ch c\u00f3 c\u01a1 h\u1ed9i kh\u00e1m ph\u00e1, t\u00ecm hi\u1ec3u v\u00e0 \u0111\u1eafm m\u00ecnh trong v\u0103n h\u00f3a \u0111\u1ed9c \u0111\u00e1o c\u1ee7a Vi\u1ec7t Nam. Ch\u00fang t\u00f4i c\u00f3 th\u1ec3 s\u1eafp x\u1ebfp c\u00e1c ch\u01b0\u01a1ng tr\u00ecnh du l\u1ecbch ri\u00eang cho t\u1ea5t c\u1ea3 c\u00e1c \u0111i\u1ec3m tham quan n\u1ed5i ti\u1ebfng trong khu v\u1ef1c, bao g\u1ed3m M\u1ef9 S\u01a1n ho\u1eb7c tham quan B\u00e0 N\u00e0 Hills.<\/p>\n<div class=\"su-gmap su-u-responsive-media-yes\"><iframe loading=\"lazy\" width=\"600\" height=\"400\" src=\"\/\/maps.google.com\/maps?q=The%20Ocean%20Villas%2C%20%C4%91%C6%B0%E1%BB%9Dng%20Tr%C6%B0%E1%BB%9Dng%20Sa%2C%20T%E1%BB%95%2074%2C%20ph%C6%B0%E1%BB%9Dng%20H%C3%B2a%20H%E1%BA%A3i%2C%20qu%E1%BA%ADn%20Ng%C5%A9%20H%C3%A0nh%20S%C6%A1n%2C%20th%C3%A0nh%20ph%E1%BB%91%20%C4%90%C3%A0%20N%E1%BA%B5ng%2C%20Vi%E1%BB%87t%20Nam.&amp;output=embed\" title=\"\"><\/iframe><\/div>\n<div class=\"su-list\" style=\"margin-left:0px\">\n<ul>\n<li><i class=\"sui sui-star\" style=\"color:#333\"><\/i> \n<h3>V\u1eadn chuy\u1ec3n<\/h3>\n<ul>\n<li><i class=\"sui sui-star\" style=\"color:#333\"><\/i> S\u00e2n bay \u0110\u00e0 N\u1eb5ng (DAD): 25 ph\u00fat \u0111i xe\/ 15.0 kilomet\/9.3 d\u1eb7m<\/li>\n<li><i class=\"sui sui-star\" style=\"color:#333\"><\/i> Nh\u00e0 Ga \u0110\u00e0 N\u1eb5ng: 27 ph\u00fat \u0111i xe\/159 kilomet\/9.9 d\u1eb7m<\/li>\n<\/ul>\n<\/li>\n<li><i class=\"sui sui-star\" style=\"color:#333\"><\/i> \n<h3>\u0110i\u1ec3m du l\u1ecbch<\/h3>\n<ul>\n<li><i class=\"sui sui-star\" style=\"color:#333\"><\/i> Ng\u0169 H\u00e0nh S\u01a1n: 8 ph\u00fat \u0111i xe\/ 4.5 kilomet\/2.8 d\u1eb7m<\/li>\n<li><i class=\"sui sui-star\" style=\"color:#333\"><\/i> C\u1ea7u R\u1ed3ng: 22 ph\u00fat \u0111i xe\/13.2 kilomet\/8.2 d\u1eb7m<\/li>\n<li><i class=\"sui sui-star\" style=\"color:#333\"><\/i> C\u00f4ng vi\u00ean Ch\u00e2u \u00c1: 20 ph\u00fat \u0111i xe\/11.5 kilomet\/7.1 d\u1eb7m<\/li>\n<li><i class=\"sui sui-star\" style=\"color:#333\"><\/i> B\u00e1n \u0111\u1ea3o S\u01a1n Tr\u00e0: 30 ph\u00fat \u0111i xe\/18.0 kilomet\/11.2 d\u1eb7m<\/li>\n<li><i class=\"sui sui-star\" style=\"color:#333\"><\/i> N\u00fai B\u00e0 N\u00e0: 1 ti\u1ebfng 8 ph\u00fat \u0111i xe\/40.0 kilomet\/24.9 d\u1eb7m<\/li>\n<li><i class=\"sui sui-star\" style=\"color:#333\"><\/i> \u0110\u00e8o H\u1ea3i V\u00e2n: 1 ti\u1ebfng 12 ph\u00fat \u0111i xe\/42.1 kilomet\/26.2 d\u1eb7m<\/li>\n<li><i class=\"sui sui-star\" style=\"color:#333\"><\/i> M\u1ef9 S\u01a1n (UNESCO Di S\u0103n Th\u1ebf Gi\u1edbi): 1 ti\u1ebfng 11 ph\u00fat \u0111i xe\/41.9 kilomet\/26.0 d\u1eb7m<\/li>\n<\/ul>\n<\/li>\n<li><i class=\"sui sui-star\" style=\"color:#333\"><\/i> \n<h3>S\u00e2n G\u00f4n<\/h3>\n<ul>\n<li><i class=\"sui sui-star\" style=\"color:#333\"><\/i> S\u00e2n g\u00f4n BRG \u0110\u00e0 N\u1eb5ng: 2 ph\u00fat \u0111i xe\/0.9 kilomet\/0.6 miles<\/li>\n<li><i class=\"sui sui-star\" style=\"color:#333\"><\/i> S\u00e2n g\u00f4n Montgomerie Links: 3 ph\u00fat \u0111i xe\/1.6 kilomet\/1.0 d\u1eb7m<\/li>\n<li><i class=\"sui sui-star\" style=\"color:#333\"><\/i> S\u00e2n g\u00f4m B\u00e0 N\u00e0: 59 ph\u00fat \u0111i xe\/34.6 kilomet\/21.5 d\u1eb7m<\/li>\n<\/ul>\n<\/li>\n<li><i class=\"sui sui-star\" style=\"color:#333\"><\/i> \n<h3>Mua s\u1eafm<\/h3>\n<ul>\n<li><i class=\"sui sui-star\" style=\"color:#333\"><\/i> Trung t\u00e2m mua s\u1eafm Vincom: 23 ph\u00fat \u0111i xe\/13.5 kilomet\/8.4 d\u1eb7m<\/li>\n<li><i class=\"sui sui-star\" style=\"color:#333\"><\/i> Lotte Mart: 22 ph\u00fat \u0111i xe\/11.5 kilomet\/7.1 d\u1eb7m<\/li>\n<li><i class=\"sui sui-star\" style=\"color:#333\"><\/i> Ch\u1ee3 C\u1ed3n: 25 ph\u00fat \u0111i xe\/ 14.7 kilomet\/9.1 d\u1eb7m<\/li>\n<li><i class=\"sui sui-star\" style=\"color:#333\"><\/i> Ch\u1ee3 H\u00e0n: 24 ph\u00fat \u0111i xe\/14.4 kilomet\/8.9 d\u1eb7m<\/li>\n<\/ul>\n<\/li>\n<li><i class=\"sui sui-star\" style=\"color:#333\"><\/i> \n<h3>\u0110\u1ecba \u0111i\u1ec3m l\u00e2n c\u1eadn<\/h3>\n<ul>\n<li><i class=\"sui sui-star\" style=\"color:#333\"><\/i> Ph\u1ed1 c\u1ed5 H\u1ed9i An (UNESCO Di S\u1ea3n Th\u1ebf Gi\u1edbi): 25 ph\u00fat \u0111i xe\/14.4 kilomet\/8.9 d\u1eb7m<\/li>\n<li><i class=\"sui sui-star\" style=\"color:#333\"><\/i> Hu\u1ebf: 2 ti\u1ebfng 30 ph\u00fat \u0111i xe\/108 kilomet\/67.1 d\u1eb7m<\/li>\n<\/ul>\n<\/li>\n<\/ul>\n<\/div>\n","protected":false},"excerpt":{"rendered":"<p>\u0110\u00e0 N\u1eb5ng l\u00e0 th\u00e0nh ph\u1ed1 l\u1edbn th\u1ee9 ba c\u1ee7a Vi\u1ec7t Nam v\u00e0 n\u1eb1m trong khu v\u1ef1c Duy\u00ean h\u1ea3i mi\u1ec1n Trung n\u1ed5i ti\u1ebfng tr\u00ean Bi\u1ec3n \u0110\u00f4ng. N\u1eb1m trong b\u00e1n k\u00ednh 25 ph\u00fat t\u1eeb c\u1ea3 Ga \u0110\u00e0 N\u1eb5ng v\u00e0 S\u00e2n bay Qu\u1ed1c &hellip; <a href=\"https:\/\/theoceanvillas.com.vn\/vi\/location-map\/\">Read more<\/a><\/p>\n","protected":false},"author":1,"featured_media":3866,"parent":0,"menu_order":28,"comment_status":"closed","ping_status":"closed","template":"","meta":{"inline_featured_image":false,"footnotes":""},"class_list":["post-3865","page","type-page","status-publish","has-post-thumbnail","hentry"],"acf":[],"_links":{"self":[{"href":"https:\/\/theoceanvillas.com.vn\/vi\/wp-json\/wp\/v2\/pages\/3865","targetHints":{"allow":["GET"]}}],"collection":[{"href":"https:\/\/theoceanvillas.com.vn\/vi\/wp-json\/wp\/v2\/pages"}],"about":[{"href":"https:\/\/theoceanvillas.com.vn\/vi\/wp-json\/wp\/v2\/types\/page"}],"author":[{"embeddable":true,"href":"https:\/\/theoceanvillas.com.vn\/vi\/wp-json\/wp\/v2\/users\/1"}],"replies":[{"embeddable":true,"href":"https:\/\/theoceanvillas.com.vn\/vi\/wp-json\/wp\/v2\/comments?post=3865"}],"version-history":[{"count":2,"href":"https:\/\/theoceanvillas.com.vn\/vi\/wp-json\/wp\/v2\/pages\/3865\/revisions"}],"predecessor-version":[{"id":7991,"href":"https:\/\/theoceanvillas.com.vn\/vi\/wp-json\/wp\/v2\/pages\/3865\/revisions\/7991"}],"wp:featuredmedia":[{"embeddable":true,"href":"https:\/\/theoceanvillas.com.vn\/vi\/wp-json\/wp\/v2\/media\/3866"}],"wp:attachment":[{"href":"https:\/\/theoceanvillas.com.vn\/vi\/wp-json\/wp\/v2\/media?parent=3865"}],"curies":[{"name":"wp","href":"https:\/\/api.w.org\/{rel}","templated":true}]}}