{"id":3879,"date":"2018-08-15T15:18:52","date_gmt":"2018-08-15T08:18:52","guid":{"rendered":"http:\/\/theoceanvillas.com.vn\/suc-khoe\/"},"modified":"2024-03-28T12:19:23","modified_gmt":"2024-03-28T05:19:23","slug":"spa-wellness","status":"publish","type":"page","link":"https:\/\/theoceanvillas.com.vn\/vi\/spa-wellness\/","title":{"rendered":"S\u1ee8C KH\u1eceE"},"content":{"rendered":"<p style=\"text-align: center;\">T\u1ea1i Tides Spa, ch\u00fang t\u00f4i c\u0169ng n\u1ed7 l\u1ef1c \u0111\u1ec3 b\u1ea1n c\u00f3 nh\u1eefng th\u1ee9c u\u1ed1ng t\u1ed1t h\u01a1n v\u00e0 b\u1ea1n s\u1ebd kh\u1ecfe m\u1ea1nh h\u01a1n.<br \/>\nH\u00e3y th\u01b0\u1edfng th\u1ee9c nh\u1eefng lo\u1ea1i n\u01b0\u1edbc u\u1ed1ng b\u1ed5 d\u01b0\u1ee1ng c\u1ee7a ch\u00fang t\u00f4i v\u00e0 b\u1ea1n s\u1ebd c\u1ea3m th\u1ea5y t\u1ed1t v\u1ec1 n\u00f3\u2026 L\u1ef1a ch\u1ecdn c\u00e1c lo\u1ea1i n\u01b0\u1edbc u\u1ed1ng, sinh t\u1ed1 t\u01b0\u01a1i ngon c\u1ee7a ch\u00fang t\u00f4i s\u1ebd gi\u00fap t\u0103ng c\u01b0\u1eddng s\u1ee9c kh\u1ecfe c\u1ee7a b\u1ea1n m\u1ed9t c\u00e1ch t\u1ef1 nhi\u00ean v\u00e0 c\u0169ng s\u1ebd l\u00e0m cho b\u1ea1n tr\u00e0n \u0111\u1ea7y n\u0103ng l\u01b0\u1ee3ng c\u1ea3 ng\u00e0y.<\/p>\n<p style=\"text-align: center;\"><span style=\"color: #005371; font-size: 25px;\"><strong>Gi\u1edd ho\u1ea1t \u0111\u1ed9ng: 9:00am \u2013 9:00pm<\/strong><\/span><\/p>\n<p><!--more--><\/p>\n","protected":false},"excerpt":{"rendered":"<p>T\u1ea1i Tides Spa, ch\u00fang t\u00f4i c\u0169ng n\u1ed7 l\u1ef1c \u0111\u1ec3 b\u1ea1n c\u00f3 nh\u1eefng th\u1ee9c u\u1ed1ng t\u1ed1t h\u01a1n v\u00e0 b\u1ea1n s\u1ebd kh\u1ecfe m\u1ea1nh h\u01a1n. H\u00e3y th\u01b0\u1edfng th\u1ee9c nh\u1eefng lo\u1ea1i n\u01b0\u1edbc u\u1ed1ng b\u1ed5 d\u01b0\u1ee1ng c\u1ee7a ch\u00fang t\u00f4i v\u00e0 b\u1ea1n s\u1ebd c\u1ea3m th\u1ea5y t\u1ed1t &hellip; <a href=\"https:\/\/theoceanvillas.com.vn\/vi\/spa-wellness\/\">Read more<\/a><\/p>\n","protected":false},"author":1,"featured_media":3881,"parent":0,"menu_order":49,"comment_status":"closed","ping_status":"closed","template":"","meta":{"inline_featured_image":false},"acf":[],"_links":{"self":[{"href":"https:\/\/theoceanvillas.com.vn\/vi\/wp-json\/wp\/v2\/pages\/3879"}],"collection":[{"href":"https:\/\/theoceanvillas.com.vn\/vi\/wp-json\/wp\/v2\/pages"}],"about":[{"href":"https:\/\/theoceanvillas.com.vn\/vi\/wp-json\/wp\/v2\/types\/page"}],"author":[{"embeddable":true,"href":"https:\/\/theoceanvillas.com.vn\/vi\/wp-json\/wp\/v2\/users\/1"}],"replies":[{"embeddable":true,"href":"https:\/\/theoceanvillas.com.vn\/vi\/wp-json\/wp\/v2\/comments?post=3879"}],"version-history":[{"count":9,"href":"https:\/\/theoceanvillas.com.vn\/vi\/wp-json\/wp\/v2\/pages\/3879\/revisions"}],"predecessor-version":[{"id":7092,"href":"https:\/\/theoceanvillas.com.vn\/vi\/wp-json\/wp\/v2\/pages\/3879\/revisions\/7092"}],"wp:featuredmedia":[{"embeddable":true,"href":"https:\/\/theoceanvillas.com.vn\/vi\/wp-json\/wp\/v2\/media\/3881"}],"wp:attachment":[{"href":"https:\/\/theoceanvillas.com.vn\/vi\/wp-json\/wp\/v2\/media?parent=3879"}],"curies":[{"name":"wp","href":"https:\/\/api.w.org\/{rel}","templated":true}]}}