{"id":4037,"date":"2020-05-25T08:34:52","date_gmt":"2020-05-25T01:34:52","guid":{"rendered":"http:\/\/theoceanvillas.com.vn\/covid-19-tim-hieu-ve-cam-ket-cua-chung-toi-voi-ban-quy-khach-cua-chung-toi\/"},"modified":"2020-09-14T10:56:00","modified_gmt":"2020-09-14T03:56:00","slug":"covid-19-learn-about-our-commitment-to-you-our-guests","status":"publish","type":"page","link":"https:\/\/theoceanvillas.com.vn\/vi\/covid-19-learn-about-our-commitment-to-you-our-guests\/","title":{"rendered":"COVID-19: T\u00ccM HI\u1ec2U V\u1ec0 CAM K\u1ebeT C\u1ee6A CH\u00daNG T\u00d4I V\u1edaI B\u1ea0N, QU\u00dd KH\u00c1CH C\u1ee6A CH\u00daNG T\u00d4I"},"content":{"rendered":"<p>Khi ch\u00e0o \u0111\u00f3n Qu\u00fd kh\u00e1ch tr\u1edf l\u1ea1i The Ocean Villas, s\u1ef1 an to\u00e0n c\u1ee7a Qu\u00fd kh\u00e1ch v\u00e0 nh\u00e2n vi\u00ean v\u1eabn l\u00e0 \u01b0u ti\u00ean h\u00e0ng \u0111\u1ea7u c\u1ee7a ch\u00fang t\u00f4i. Ch\u00fang t\u00f4i tu\u00e2n th\u1ee7 t\u1ea5t c\u1ea3 c\u00e1c qui \u0111\u1ecbnh v\u1ec1 y t\u1ebf v\u00e0 ph\u00f2ng ch\u1ed1ng b\u1ec7nh t\u1eadt do c\u00e1c c\u01a1 quan qu\u1ea3n l\u00fd c\u1ee7a Vi\u1ec7t Nam \u0111\u01b0a ra v\u00e0 c\u0169ng \u0111\u00e3 t\u0103ng c\u01b0\u1eddng c\u00e1c bi\u1ec7n ph\u00e1p ph\u00f2ng ng\u1eeba \u0111\u1ec3 \u0111\u1ea3m b\u1ea3o m\u1ed7i k\u1ef3 l\u01b0u tr\u00fa t\u1ea1i khu ngh\u1ec9 d\u01b0\u1ee1ng ch\u00fang t\u00f4i \u0111\u1ec1u an to\u00e0n, s\u1ea1ch s\u1ebd v\u00e0 tho\u1ea3i m\u00e1i:<\/p>\n<ul>\n<li>Ki\u1ec3m tra th\u00e2n hi\u1ec7t b\u1eb1ng nhi\u1ec7t k\u1ebf h\u1ed3ng ngo\u1ea1i m\u1ed7i khi Qu\u00fd kh\u00e1ch v\u00e0o khu ngh\u1ec9 d\u01b0\u1ee1ng.<\/li>\n<li>Th\u1ef1c hi\u1ec7n nghi\u00eam ng\u1eb7t vi\u1ec7c v\u1ec7 sinh, kh\u1eed khu\u1ea9n trong c\u00e1c bi\u1ec7t th\u1ef1\/ c\u0103n h\u1ed9 kh\u00e1ch l\u01b0u tr\u00fa.<\/li>\n<li>B\u1ed1 tr\u00ed dung d\u1ecbch r\u1eeda tay s\u00e1t khu\u1ea9n \u1edf c\u00e1c khu v\u1ef1c kh\u00e1ch \u0111\u1ebfn li\u00ean h\u1ec7, v\u00ed d\u1ee5 nh\u01b0 t\u1ea1i khu v\u1ef1c ti\u1ec1n s\u1ea3nh.<\/li>\n<li>Th\u01b0\u1eddng xuy\u00ean phun kh\u1eed khu\u1ea9n to\u00e0n b\u1ed9 khu ngh\u1ec9 d\u01b0\u1ee1ng.<\/li>\n<li>Cung c\u1ea5p kh\u1ea9u trang y t\u1ebf cho kh\u00e1ch khi \u0111\u01b0\u1ee3c y\u00eau c\u1ea7u v\u00e0 theo t\u00ecnh tr\u1ea1ng s\u1eb5n c\u00f3.<\/li>\n<li>\u0110\u00e0o t\u1ea1o t\u1ea5t c\u1ea3 c\u00e1c nh\u00e2n vi\u00ean v\u1ec1 qui tr\u00ecnh c\u1ea7n tu\u00e2n th\u1ee7, v\u00e0 c\u00e1c c\u1ea3nh b\u00e1o n\u1ebfu c\u00f3 tr\u01b0\u1eddng h\u1ee3p nhi\u1ec5m coronavirus trong khu ngh\u1ec9 d\u01b0\u1ee1ng.<\/li>\n<li>Nh\u00e2n vi\u00ean an ninh \u0111\u00e3 qua \u0111\u00e0o t\u1ea1o l\u00e0m vi\u1ec7c 24 gi\u1edd.<\/li>\n<\/ul>\n<p>Ch\u00fang t\u00f4i gi\u1eef v\u1ec7 sinh s\u1ea1ch s\u1ebd, Ch\u00fang t\u00f4i quan t\u00e2m \u0111\u1ebfn Qu\u00fd Kh\u00e1ch. Ch\u00fang t\u00f4i s\u1eb5n s\u00e0ng ch\u00e0o \u0111\u00f3n Qu\u00fd kh\u00e1ch tr\u1edf lai khu ngh\u1ec9 d\u01b0\u1ee1ng c\u1ee7a ch\u00fang t\u00f4i.<\/p>\n","protected":false},"excerpt":{"rendered":"<p>Khi ch\u00e0o \u0111\u00f3n Qu\u00fd kh\u00e1ch tr\u1edf l\u1ea1i The Ocean Villas, s\u1ef1 an to\u00e0n c\u1ee7a Qu\u00fd kh\u00e1ch v\u00e0 nh\u00e2n vi\u00ean v\u1eabn l\u00e0 \u01b0u ti\u00ean h\u00e0ng \u0111\u1ea7u c\u1ee7a ch\u00fang t\u00f4i. Ch\u00fang t\u00f4i tu\u00e2n th\u1ee7 t\u1ea5t c\u1ea3 c\u00e1c qui \u0111\u1ecbnh v\u1ec1 y t\u1ebf &hellip; <a href=\"https:\/\/theoceanvillas.com.vn\/vi\/covid-19-learn-about-our-commitment-to-you-our-guests\/\">Read more<\/a><\/p>\n","protected":false},"author":1,"featured_media":0,"parent":0,"menu_order":6,"comment_status":"closed","ping_status":"closed","template":"","meta":{"inline_featured_image":false,"footnotes":""},"class_list":["post-4037","page","type-page","status-publish","hentry"],"acf":[],"_links":{"self":[{"href":"https:\/\/theoceanvillas.com.vn\/vi\/wp-json\/wp\/v2\/pages\/4037","targetHints":{"allow":["GET"]}}],"collection":[{"href":"https:\/\/theoceanvillas.com.vn\/vi\/wp-json\/wp\/v2\/pages"}],"about":[{"href":"https:\/\/theoceanvillas.com.vn\/vi\/wp-json\/wp\/v2\/types\/page"}],"author":[{"embeddable":true,"href":"https:\/\/theoceanvillas.com.vn\/vi\/wp-json\/wp\/v2\/users\/1"}],"replies":[{"embeddable":true,"href":"https:\/\/theoceanvillas.com.vn\/vi\/wp-json\/wp\/v2\/comments?post=4037"}],"version-history":[{"count":1,"href":"https:\/\/theoceanvillas.com.vn\/vi\/wp-json\/wp\/v2\/pages\/4037\/revisions"}],"predecessor-version":[{"id":4338,"href":"https:\/\/theoceanvillas.com.vn\/vi\/wp-json\/wp\/v2\/pages\/4037\/revisions\/4338"}],"wp:attachment":[{"href":"https:\/\/theoceanvillas.com.vn\/vi\/wp-json\/wp\/v2\/media?parent=4037"}],"curies":[{"name":"wp","href":"https:\/\/api.w.org\/{rel}","templated":true}]}}